{"id":1389,"date":"2025-07-01T21:07:37","date_gmt":"2025-07-01T21:07:37","guid":{"rendered":"https:\/\/urumeaeventos.eus\/?page_id=1389"},"modified":"2025-07-01T21:22:32","modified_gmt":"2025-07-01T21:22:32","slug":"condiciones","status":"publish","type":"page","link":"https:\/\/www.urumeaeventos.eus\/eus\/condiciones\/","title":{"rendered":"Kondizioak"},"content":{"rendered":"<div data-elementor-type=\"wp-post\" data-elementor-id=\"1389\" class=\"elementor elementor-1389\" data-elementor-post-type=\"page\">\n\t\t\t\t<div class=\"elementor-element elementor-element-29bf6ee e-flex e-con-boxed e-con e-parent\" data-id=\"29bf6ee\" data-element_type=\"container\" data-e-type=\"container\" data-settings=\"{&quot;jet_parallax_layout_list&quot;:[]}\">\n\t\t\t\t\t<div class=\"e-con-inner\">\n\t\t<div class=\"elementor-element elementor-element-ed6a931 e-con-full e-flex e-con e-child\" data-id=\"ed6a931\" data-element_type=\"container\" data-e-type=\"container\" data-settings=\"{&quot;jet_parallax_layout_list&quot;:[]}\">\n\t\t\t\t<div class=\"elementor-element elementor-element-3269c98 elementor-widget elementor-widget-heading\" data-id=\"3269c98\" data-element_type=\"widget\" data-e-type=\"widget\" data-widget_type=\"heading.default\">\n\t\t\t\t<div class=\"elementor-widget-container\">\n\t\t\t\t\t<h2 class=\"elementor-heading-title elementor-size-default\">Normas de uso de las instalaciones de Urumea Eventos<\/h2>\t\t\t\t<\/div>\n\t\t\t\t<\/div>\n\t\t\t\t<\/div>\n\t\t\t\t\t<\/div>\n\t\t\t\t<\/div>\n\t\t<div class=\"elementor-element elementor-element-9eae67d e-flex e-con-boxed e-con e-parent\" data-id=\"9eae67d\" data-element_type=\"container\" data-e-type=\"container\" data-settings=\"{&quot;jet_parallax_layout_list&quot;:[]}\">\n\t\t\t\t\t<div class=\"e-con-inner\">\n\t\t\t\t<div class=\"elementor-element elementor-element-841d228 elementor-widget elementor-widget-text-editor\" data-id=\"841d228\" data-element_type=\"widget\" data-e-type=\"widget\" data-widget_type=\"text-editor.default\">\n\t\t\t\t<div class=\"elementor-widget-container\">\n\t\t\t\t\t\t\t\t\t<ol><li>La solicitud de la sala se puede realizar a trav\u00e9s de la web de URUMEA EVENTOS completando el<br \/>formulario de reserva. Una vez completado el formulario, se realizar\u00e1 la reserva y una responsable del departamento de eventos gestionar\u00e1 dicha solicitud. Se deber\u00e1 solicitar con un plazo m\u00ednimo de antelaci\u00f3n de 30 d\u00edas naturales a la fecha del evento. En caso de hacerlo con menos tiempo, consultar con el colegio en eventos@comgi.eus<\/li><li>La solicitud deber\u00e1 ir firmada por una persona f\u00edsica, que se responsabilizar\u00e1 del uso del espacio y de los materiales y responder\u00e1 en caso de surgir cualquier problema.<\/li><li>Por razones t\u00e9cnicas y de seguridad, URUMEA EVENTOS garantizar\u00e1 la presencia permanente de personal auxiliar interno durante el desarrollo del acto. Todos los equipos deber\u00e1n ser manipulados \u00fanicamente por nuestro personal.<\/li><li>El horario del colegio es de 8:30 a 20:30.<\/li><li>No est\u00e1 permitido fumar en todo el recinto Colegial, tampoco en el patio exterior.<\/li><li>En todo momento se respetar\u00e1n las instalaciones interiores y exteriores del Colegio, sin que se puedan pegar carteles, colocar publicidad o introducir elementos, materiales u objetos que no hayan sido autorizados.<\/li><li>Toda difusi\u00f3n que se haga de la actividad deber\u00e1 ser posterior a la autorizaci\u00f3n del uso de la instalaci\u00f3n por parte de URUMEA EVENTOS.<\/li><li>Condiciones de pago y cancelaci\u00f3n:<p>a. 15 d\u00edas antes del servicio, se abonar\u00e1 el 50% del presupuesto.<br \/>b. Si el evento se cancela con solo una semana de antelaci\u00f3n o menos, se abonar\u00e1 el 100% del presupuesto.<\/p><\/li><li>En caso de querer depositar cualquier material con antelaci\u00f3n al evento, se deber\u00e1 consultar dicha posibilidad con URUMEA EVENTOS.<\/li><li>La Junta de Gobierno podr\u00e1 desestimar todas aquellas solicitudes que, a su juicio, no se ajusten, adec\u00faen o puedan poner en peligro sus instalaciones y equipos.<\/li><\/ol>\t\t\t\t\t\t\t\t<\/div>\n\t\t\t\t<\/div>\n\t\t\t\t\t<\/div>\n\t\t\t\t<\/div>\n\t\t<div class=\"elementor-element elementor-element-946a477 e-flex e-con-boxed e-con e-parent\" data-id=\"946a477\" data-element_type=\"container\" data-e-type=\"container\" data-settings=\"{&quot;jet_parallax_layout_list&quot;:[]}\">\n\t\t\t\t\t<div class=\"e-con-inner\">\n\t\t<div class=\"elementor-element elementor-element-c37e0f5 e-con-full e-flex e-con e-child\" data-id=\"c37e0f5\" data-element_type=\"container\" data-e-type=\"container\" data-settings=\"{&quot;jet_parallax_layout_list&quot;:[]}\">\n\t\t\t\t<div class=\"elementor-element elementor-element-8a0bbd5 elementor-widget elementor-widget-heading\" data-id=\"8a0bbd5\" data-element_type=\"widget\" data-e-type=\"widget\" data-widget_type=\"heading.default\">\n\t\t\t\t<div class=\"elementor-widget-container\">\n\t\t\t\t\t<h2 class=\"elementor-heading-title elementor-size-default\">Obligaciones<\/h2>\t\t\t\t<\/div>\n\t\t\t\t<\/div>\n\t\t\t\t<\/div>\n\t\t\t\t\t<\/div>\n\t\t\t\t<\/div>\n\t\t<div class=\"elementor-element elementor-element-ca64c23 e-flex e-con-boxed e-con e-parent\" data-id=\"ca64c23\" data-element_type=\"container\" data-e-type=\"container\" data-settings=\"{&quot;jet_parallax_layout_list&quot;:[]}\">\n\t\t\t\t\t<div class=\"e-con-inner\">\n\t\t\t\t<div class=\"elementor-element elementor-element-bd29dfa elementor-widget elementor-widget-text-editor\" data-id=\"bd29dfa\" data-element_type=\"widget\" data-e-type=\"widget\" data-widget_type=\"text-editor.default\">\n\t\t\t\t<div class=\"elementor-widget-container\">\n\t\t\t\t\t\t\t\t\t<p>La persona que haga uso de las salas del Colegio se compromete a:<\/p><ul><li>Respetar las actividades y normas de funcionamiento interno del centro, as\u00ed como todas sus instalaciones y equipos all\u00ed contenidos, atendiendo en todo momento las indicaciones, normas y observaciones transmitidas por URUMEA EVENTOS.<\/li><li>Responsabilizarse del orden y normal funcionamiento del acto que se celebre y de cualquier anomal\u00eda o desperfecto que se derive del desarrollo del acto solicitado.<\/li><li>Respetar las instalaciones interiores y exteriores del Colegio.<\/li><li>No pegar carteles, colocar propaganda o introducir elementos, materiales u objetos que no hayan sido autorizados, ni en las instalaciones del Colegio ni en la comunidad de vecinos donde sita.<\/li><li>Respetar los horarios establecidos.<\/li><li>Condiciones de pago y cancelaci\u00f3n:<ul><li>15 d\u00edas antes del servicio, se abonar\u00e1 el 50% del presupuesto.<\/li><li>Ekitaldia astebete edo gutxiago lehenago bertan behera uzten bada, aurrekontuaren % 100 ordainduko da.<\/li><\/ul><\/li><\/ul>\t\t\t\t\t\t\t\t<\/div>\n\t\t\t\t<\/div>\n\t\t\t\t\t<\/div>\n\t\t\t\t<\/div>\n\t\t\t\t<\/div>","protected":false},"excerpt":{"rendered":"<p>Normas de uso de las instalaciones de Urumea Eventos La solicitud de la sala se puede realizar a trav\u00e9s de la web de URUMEA EVENTOS completando elformulario de reserva. Una vez completado el formulario, se realizar\u00e1 la reserva y una responsable del departamento de eventos gestionar\u00e1 dicha solicitud. Se deber\u00e1 solicitar con un plazo m\u00ednimo [&hellip;]<\/p>\n","protected":false},"author":2,"featured_media":0,"parent":0,"menu_order":0,"comment_status":"closed","ping_status":"closed","template":"","meta":{"_jet_sm_ready_style":"","_jet_sm_style":"","_jet_sm_controls_values":"","_jet_sm_fonts_collection":"","_jet_sm_fonts_links":"","footnotes":""},"class_list":["post-1389","page","type-page","status-publish","hentry"],"yoast_head":"<!-- This site is optimized with the Yoast SEO plugin v27.4 - https:\/\/yoast.com\/product\/yoast-seo-wordpress\/ -->\n<title>Condiciones - Urumea eventos<\/title>\n<meta name=\"robots\" content=\"index, follow, max-snippet:-1, max-image-preview:large, max-video-preview:-1\" \/>\n<link rel=\"canonical\" href=\"https:\/\/www.urumeaeventos.eus\/eus\/condiciones\/\" \/>\n<meta property=\"og:locale\" content=\"en_US\" \/>\n<meta property=\"og:type\" content=\"article\" \/>\n<meta property=\"og:title\" content=\"Condiciones - Urumea eventos\" \/>\n<meta property=\"og:description\" content=\"Normas de uso de las instalaciones de Urumea Eventos La solicitud de la sala se puede realizar a trav\u00e9s de la web de URUMEA EVENTOS completando elformulario de reserva. Una vez completado el formulario, se realizar\u00e1 la reserva y una responsable del departamento de eventos gestionar\u00e1 dicha solicitud. Se deber\u00e1 solicitar con un plazo m\u00ednimo [&hellip;]\" \/>\n<meta property=\"og:url\" content=\"https:\/\/www.urumeaeventos.eus\/eus\/condiciones\/\" \/>\n<meta property=\"og:site_name\" content=\"Urumea eventos\" \/>\n<meta property=\"article:modified_time\" content=\"2025-07-01T21:22:32+00:00\" \/>\n<meta name=\"twitter:card\" content=\"summary_large_image\" \/>\n<meta name=\"twitter:label1\" content=\"Est. reading time\" \/>\n\t<meta name=\"twitter:data1\" content=\"3 minutua\" \/>\n<script type=\"application\/ld+json\" class=\"yoast-schema-graph\">{\"@context\":\"https:\\\/\\\/schema.org\",\"@graph\":[{\"@type\":\"WebPage\",\"@id\":\"https:\\\/\\\/www.urumeaeventos.eus\\\/condiciones\\\/\",\"url\":\"https:\\\/\\\/www.urumeaeventos.eus\\\/condiciones\\\/\",\"name\":\"Condiciones - Urumea eventos\",\"isPartOf\":{\"@id\":\"https:\\\/\\\/www.urumeaeventos.eus\\\/#website\"},\"datePublished\":\"2025-07-01T21:07:37+00:00\",\"dateModified\":\"2025-07-01T21:22:32+00:00\",\"breadcrumb\":{\"@id\":\"https:\\\/\\\/www.urumeaeventos.eus\\\/condiciones\\\/#breadcrumb\"},\"inLanguage\":\"eu\",\"potentialAction\":[{\"@type\":\"ReadAction\",\"target\":[\"https:\\\/\\\/www.urumeaeventos.eus\\\/condiciones\\\/\"]}]},{\"@type\":\"BreadcrumbList\",\"@id\":\"https:\\\/\\\/www.urumeaeventos.eus\\\/condiciones\\\/#breadcrumb\",\"itemListElement\":[{\"@type\":\"ListItem\",\"position\":1,\"name\":\"Portada\",\"item\":\"https:\\\/\\\/www.urumeaeventos.eus\\\/\"},{\"@type\":\"ListItem\",\"position\":2,\"name\":\"Condiciones\"}]},{\"@type\":\"WebSite\",\"@id\":\"https:\\\/\\\/www.urumeaeventos.eus\\\/#website\",\"url\":\"https:\\\/\\\/www.urumeaeventos.eus\\\/\",\"name\":\"Urumea Eventos\",\"description\":\"Urumea eventos\",\"publisher\":{\"@id\":\"https:\\\/\\\/www.urumeaeventos.eus\\\/#organization\"},\"potentialAction\":[{\"@type\":\"SearchAction\",\"target\":{\"@type\":\"EntryPoint\",\"urlTemplate\":\"https:\\\/\\\/www.urumeaeventos.eus\\\/?s={search_term_string}\"},\"query-input\":{\"@type\":\"PropertyValueSpecification\",\"valueRequired\":true,\"valueName\":\"search_term_string\"}}],\"inLanguage\":\"eu\"},{\"@type\":\"Organization\",\"@id\":\"https:\\\/\\\/www.urumeaeventos.eus\\\/#organization\",\"name\":\"Urumea Eventos\",\"url\":\"https:\\\/\\\/www.urumeaeventos.eus\\\/\",\"logo\":{\"@type\":\"ImageObject\",\"inLanguage\":\"eu\",\"@id\":\"https:\\\/\\\/www.urumeaeventos.eus\\\/#\\\/schema\\\/logo\\\/image\\\/\",\"url\":\"https:\\\/\\\/www.urumeaeventos.eus\\\/wp-content\\\/uploads\\\/2025\\\/03\\\/urumea-5-1-scaled.avif\",\"contentUrl\":\"https:\\\/\\\/www.urumeaeventos.eus\\\/wp-content\\\/uploads\\\/2025\\\/03\\\/urumea-5-1-scaled.avif\",\"width\":2560,\"height\":1154,\"caption\":\"Urumea Eventos\"},\"image\":{\"@id\":\"https:\\\/\\\/www.urumeaeventos.eus\\\/#\\\/schema\\\/logo\\\/image\\\/\"},\"sameAs\":[\"https:\\\/\\\/www.instagram.com\\\/urumeaeventos\\\/\",\"https:\\\/\\\/es.linkedin.com\\\/company\\\/urumea-eventos\"]}]}<\/script>\n<!-- \/ Yoast SEO plugin. -->","yoast_head_json":{"title":"Condiciones - Urumea eventos","robots":{"index":"index","follow":"follow","max-snippet":"max-snippet:-1","max-image-preview":"max-image-preview:large","max-video-preview":"max-video-preview:-1"},"canonical":"https:\/\/www.urumeaeventos.eus\/eus\/condiciones\/","og_locale":"en_US","og_type":"article","og_title":"Condiciones - Urumea eventos","og_description":"Normas de uso de las instalaciones de Urumea Eventos La solicitud de la sala se puede realizar a trav\u00e9s de la web de URUMEA EVENTOS completando elformulario de reserva. Una vez completado el formulario, se realizar\u00e1 la reserva y una responsable del departamento de eventos gestionar\u00e1 dicha solicitud. Se deber\u00e1 solicitar con un plazo m\u00ednimo [&hellip;]","og_url":"https:\/\/www.urumeaeventos.eus\/eus\/condiciones\/","og_site_name":"Urumea eventos","article_modified_time":"2025-07-01T21:22:32+00:00","twitter_card":"summary_large_image","twitter_misc":{"Est. reading time":"3 minutua"},"schema":{"@context":"https:\/\/schema.org","@graph":[{"@type":"WebPage","@id":"https:\/\/www.urumeaeventos.eus\/condiciones\/","url":"https:\/\/www.urumeaeventos.eus\/condiciones\/","name":"Condiciones - Urumea eventos","isPartOf":{"@id":"https:\/\/www.urumeaeventos.eus\/#website"},"datePublished":"2025-07-01T21:07:37+00:00","dateModified":"2025-07-01T21:22:32+00:00","breadcrumb":{"@id":"https:\/\/www.urumeaeventos.eus\/condiciones\/#breadcrumb"},"inLanguage":"eu","potentialAction":[{"@type":"ReadAction","target":["https:\/\/www.urumeaeventos.eus\/condiciones\/"]}]},{"@type":"BreadcrumbList","@id":"https:\/\/www.urumeaeventos.eus\/condiciones\/#breadcrumb","itemListElement":[{"@type":"ListItem","position":1,"name":"Portada","item":"https:\/\/www.urumeaeventos.eus\/"},{"@type":"ListItem","position":2,"name":"Condiciones"}]},{"@type":"WebSite","@id":"https:\/\/www.urumeaeventos.eus\/#website","url":"https:\/\/www.urumeaeventos.eus\/","name":"Urumea Eventos","description":"Urumea eventos","publisher":{"@id":"https:\/\/www.urumeaeventos.eus\/#organization"},"potentialAction":[{"@type":"SearchAction","target":{"@type":"EntryPoint","urlTemplate":"https:\/\/www.urumeaeventos.eus\/?s={search_term_string}"},"query-input":{"@type":"PropertyValueSpecification","valueRequired":true,"valueName":"search_term_string"}}],"inLanguage":"eu"},{"@type":"Organization","@id":"https:\/\/www.urumeaeventos.eus\/#organization","name":"Urumea Eventos","url":"https:\/\/www.urumeaeventos.eus\/","logo":{"@type":"ImageObject","inLanguage":"eu","@id":"https:\/\/www.urumeaeventos.eus\/#\/schema\/logo\/image\/","url":"https:\/\/www.urumeaeventos.eus\/wp-content\/uploads\/2025\/03\/urumea-5-1-scaled.avif","contentUrl":"https:\/\/www.urumeaeventos.eus\/wp-content\/uploads\/2025\/03\/urumea-5-1-scaled.avif","width":2560,"height":1154,"caption":"Urumea Eventos"},"image":{"@id":"https:\/\/www.urumeaeventos.eus\/#\/schema\/logo\/image\/"},"sameAs":["https:\/\/www.instagram.com\/urumeaeventos\/","https:\/\/es.linkedin.com\/company\/urumea-eventos"]}]}},"_links":{"self":[{"href":"https:\/\/www.urumeaeventos.eus\/eus\/wp-json\/wp\/v2\/pages\/1389","targetHints":{"allow":["GET"]}}],"collection":[{"href":"https:\/\/www.urumeaeventos.eus\/eus\/wp-json\/wp\/v2\/pages"}],"about":[{"href":"https:\/\/www.urumeaeventos.eus\/eus\/wp-json\/wp\/v2\/types\/page"}],"author":[{"embeddable":true,"href":"https:\/\/www.urumeaeventos.eus\/eus\/wp-json\/wp\/v2\/users\/2"}],"replies":[{"embeddable":true,"href":"https:\/\/www.urumeaeventos.eus\/eus\/wp-json\/wp\/v2\/comments?post=1389"}],"version-history":[{"count":7,"href":"https:\/\/www.urumeaeventos.eus\/eus\/wp-json\/wp\/v2\/pages\/1389\/revisions"}],"predecessor-version":[{"id":1396,"href":"https:\/\/www.urumeaeventos.eus\/eus\/wp-json\/wp\/v2\/pages\/1389\/revisions\/1396"}],"wp:attachment":[{"href":"https:\/\/www.urumeaeventos.eus\/eus\/wp-json\/wp\/v2\/media?parent=1389"}],"curies":[{"name":"wp","href":"https:\/\/api.w.org\/{rel}","templated":true}]}}