{"id":96,"date":"2025-04-12T22:43:56","date_gmt":"2025-04-12T22:43:56","guid":{"rendered":"https:\/\/urumeaeventos.eus\/?page_id=96"},"modified":"2025-06-10T20:43:25","modified_gmt":"2025-06-10T20:43:25","slug":"tour-virtual","status":"publish","type":"page","link":"https:\/\/www.urumeaeventos.eus\/eus\/tour-virtual\/","title":{"rendered":"Tour birtuala"},"content":{"rendered":"<div data-elementor-type=\"wp-page\" data-elementor-id=\"96\" class=\"elementor elementor-96\" data-elementor-post-type=\"page\">\n\t\t\t\t<div class=\"elementor-element elementor-element-5731578 e-flex e-con-boxed e-con e-parent\" data-id=\"5731578\" data-element_type=\"container\" data-e-type=\"container\" data-settings=\"{&quot;jet_parallax_layout_list&quot;:[]}\">\n\t\t\t\t\t<div class=\"e-con-inner\">\n\t\t\t\t<div class=\"elementor-element elementor-element-9412742 elementor-widget elementor-widget-heading\" data-id=\"9412742\" data-element_type=\"widget\" data-e-type=\"widget\" data-widget_type=\"heading.default\">\n\t\t\t\t<div class=\"elementor-widget-container\">\n\t\t\t\t\t<h2 class=\"elementor-heading-title elementor-size-default\">TOUR BIRTUALA<\/h2>\t\t\t\t<\/div>\n\t\t\t\t<\/div>\n\t\t\t\t\t<\/div>\n\t\t\t\t<\/div>\n\t\t<div class=\"elementor-element elementor-element-6616a50 e-flex e-con-boxed e-con e-parent\" data-id=\"6616a50\" data-element_type=\"container\" data-e-type=\"container\" data-settings=\"{&quot;jet_parallax_layout_list&quot;:[]}\">\n\t\t\t\t\t<div class=\"e-con-inner\">\n\t\t\t\t<div class=\"elementor-element elementor-element-6c34e6e elementor-widget elementor-widget-text-editor\" data-id=\"6c34e6e\" data-element_type=\"widget\" data-e-type=\"widget\" data-widget_type=\"text-editor.default\">\n\t\t\t\t<div class=\"elementor-widget-container\">\n\t\t\t\t\t\t\t\t\t<p>Gure tour birtualaren bidez, gure espazioen zabaltasuna, moldakortasuna eta ekipamendua zehatz-mehatz ezagutuko dituzu, erabilera eta behar profesional askotara egokitzeko pentsatuta.<\/p>\t\t\t\t\t\t\t\t<\/div>\n\t\t\t\t<\/div>\n\t\t\t\t\t<\/div>\n\t\t\t\t<\/div>\n\t\t<div class=\"elementor-element elementor-element-8f3d7df e-flex e-con-boxed e-con e-parent\" data-id=\"8f3d7df\" data-element_type=\"container\" data-e-type=\"container\" data-settings=\"{&quot;jet_parallax_layout_list&quot;:[]}\">\n\t\t\t\t\t<div class=\"e-con-inner\">\n\t\t\t\t<div class=\"elementor-element elementor-element-97a1ecb elementor-widget elementor-widget-shortcode\" data-id=\"97a1ecb\" data-element_type=\"widget\" data-e-type=\"widget\" data-widget_type=\"shortcode.default\">\n\t\t\t\t<div class=\"elementor-widget-container\">\n\t\t\t\t\t\t\t<div class=\"elementor-shortcode\"><p><iframe allow=\"xr-spatial-tracking\" allowfullscreen=\"\" frameborder=\"0\" height=\"480\" data-src=\"https:\/\/my.matterport.com\/show\/?m=AG2jpEnQALz\" width=\"853\" src=\"data:image\/svg+xml;base64,PHN2ZyB3aWR0aD0iMSIgaGVpZ2h0PSIxIiB4bWxucz0iaHR0cDovL3d3dy53My5vcmcvMjAwMC9zdmciPjwvc3ZnPg==\" class=\"lazyload\" data-load-mode=\"1\"><\/iframe><\/p><\/div>\n\t\t\t\t\t\t<\/div>\n\t\t\t\t<\/div>\n\t\t\t\t\t<\/div>\n\t\t\t\t<\/div>\n\t\t\t\t<\/div>","protected":false},"excerpt":{"rendered":"<p>TOUR VIRTUAL A trav\u00e9s de nuestro tour virtual, descubrir\u00e1s en detalle la amplitud, versatilidad y equipamiento de nuestros espacios, pensados para adaptarse a m\u00faltiples usos y necesidades profesionales.<\/p>","protected":false},"author":2,"featured_media":0,"parent":0,"menu_order":0,"comment_status":"closed","ping_status":"closed","template":"","meta":{"_jet_sm_ready_style":"","_jet_sm_style":"","_jet_sm_controls_values":"","_jet_sm_fonts_collection":"","_jet_sm_fonts_links":"","footnotes":""},"class_list":["post-96","page","type-page","status-publish","hentry"],"yoast_head":"<!-- This site is optimized with the Yoast SEO plugin v27.4 - https:\/\/yoast.com\/product\/yoast-seo-wordpress\/ -->\n<title>Tour virtual - Urumea eventos<\/title>\n<meta name=\"robots\" content=\"index, follow, max-snippet:-1, max-image-preview:large, max-video-preview:-1\" \/>\n<link rel=\"canonical\" href=\"https:\/\/www.urumeaeventos.eus\/eus\/tour-virtual\/\" \/>\n<meta property=\"og:locale\" content=\"en_US\" \/>\n<meta property=\"og:type\" content=\"article\" \/>\n<meta property=\"og:title\" content=\"Tour virtual - Urumea eventos\" \/>\n<meta property=\"og:description\" content=\"TOUR VIRTUAL A trav\u00e9s de nuestro tour virtual, descubrir\u00e1s en detalle la amplitud, versatilidad y equipamiento de nuestros espacios, pensados para adaptarse a m\u00faltiples usos y necesidades profesionales.\" \/>\n<meta property=\"og:url\" content=\"https:\/\/www.urumeaeventos.eus\/eus\/tour-virtual\/\" \/>\n<meta property=\"og:site_name\" content=\"Urumea eventos\" \/>\n<meta property=\"article:modified_time\" content=\"2025-06-10T20:43:25+00:00\" \/>\n<meta name=\"twitter:card\" content=\"summary_large_image\" \/>\n<meta name=\"twitter:label1\" content=\"Est. reading time\" \/>\n\t<meta name=\"twitter:data1\" content=\"1 minutua\" \/>\n<script type=\"application\/ld+json\" class=\"yoast-schema-graph\">{\"@context\":\"https:\\\/\\\/schema.org\",\"@graph\":[{\"@type\":\"WebPage\",\"@id\":\"https:\\\/\\\/www.urumeaeventos.eus\\\/tour-virtual\\\/\",\"url\":\"https:\\\/\\\/www.urumeaeventos.eus\\\/tour-virtual\\\/\",\"name\":\"Tour virtual - Urumea eventos\",\"isPartOf\":{\"@id\":\"https:\\\/\\\/www.urumeaeventos.eus\\\/#website\"},\"datePublished\":\"2025-04-12T22:43:56+00:00\",\"dateModified\":\"2025-06-10T20:43:25+00:00\",\"breadcrumb\":{\"@id\":\"https:\\\/\\\/www.urumeaeventos.eus\\\/tour-virtual\\\/#breadcrumb\"},\"inLanguage\":\"eu\",\"potentialAction\":[{\"@type\":\"ReadAction\",\"target\":[\"https:\\\/\\\/www.urumeaeventos.eus\\\/tour-virtual\\\/\"]}]},{\"@type\":\"BreadcrumbList\",\"@id\":\"https:\\\/\\\/www.urumeaeventos.eus\\\/tour-virtual\\\/#breadcrumb\",\"itemListElement\":[{\"@type\":\"ListItem\",\"position\":1,\"name\":\"Portada\",\"item\":\"https:\\\/\\\/www.urumeaeventos.eus\\\/\"},{\"@type\":\"ListItem\",\"position\":2,\"name\":\"Tour virtual\"}]},{\"@type\":\"WebSite\",\"@id\":\"https:\\\/\\\/www.urumeaeventos.eus\\\/#website\",\"url\":\"https:\\\/\\\/www.urumeaeventos.eus\\\/\",\"name\":\"Urumea Eventos\",\"description\":\"Urumea eventos\",\"publisher\":{\"@id\":\"https:\\\/\\\/www.urumeaeventos.eus\\\/#organization\"},\"potentialAction\":[{\"@type\":\"SearchAction\",\"target\":{\"@type\":\"EntryPoint\",\"urlTemplate\":\"https:\\\/\\\/www.urumeaeventos.eus\\\/?s={search_term_string}\"},\"query-input\":{\"@type\":\"PropertyValueSpecification\",\"valueRequired\":true,\"valueName\":\"search_term_string\"}}],\"inLanguage\":\"eu\"},{\"@type\":\"Organization\",\"@id\":\"https:\\\/\\\/www.urumeaeventos.eus\\\/#organization\",\"name\":\"Urumea Eventos\",\"url\":\"https:\\\/\\\/www.urumeaeventos.eus\\\/\",\"logo\":{\"@type\":\"ImageObject\",\"inLanguage\":\"eu\",\"@id\":\"https:\\\/\\\/www.urumeaeventos.eus\\\/#\\\/schema\\\/logo\\\/image\\\/\",\"url\":\"https:\\\/\\\/www.urumeaeventos.eus\\\/wp-content\\\/uploads\\\/2025\\\/03\\\/urumea-5-1-scaled.avif\",\"contentUrl\":\"https:\\\/\\\/www.urumeaeventos.eus\\\/wp-content\\\/uploads\\\/2025\\\/03\\\/urumea-5-1-scaled.avif\",\"width\":2560,\"height\":1154,\"caption\":\"Urumea Eventos\"},\"image\":{\"@id\":\"https:\\\/\\\/www.urumeaeventos.eus\\\/#\\\/schema\\\/logo\\\/image\\\/\"},\"sameAs\":[\"https:\\\/\\\/www.instagram.com\\\/urumeaeventos\\\/\",\"https:\\\/\\\/es.linkedin.com\\\/company\\\/urumea-eventos\"]}]}<\/script>\n<!-- \/ Yoast SEO plugin. -->","yoast_head_json":{"title":"Tour virtual - Urumea eventos","robots":{"index":"index","follow":"follow","max-snippet":"max-snippet:-1","max-image-preview":"max-image-preview:large","max-video-preview":"max-video-preview:-1"},"canonical":"https:\/\/www.urumeaeventos.eus\/eus\/tour-virtual\/","og_locale":"en_US","og_type":"article","og_title":"Tour virtual - Urumea eventos","og_description":"TOUR VIRTUAL A trav\u00e9s de nuestro tour virtual, descubrir\u00e1s en detalle la amplitud, versatilidad y equipamiento de nuestros espacios, pensados para adaptarse a m\u00faltiples usos y necesidades profesionales.","og_url":"https:\/\/www.urumeaeventos.eus\/eus\/tour-virtual\/","og_site_name":"Urumea eventos","article_modified_time":"2025-06-10T20:43:25+00:00","twitter_card":"summary_large_image","twitter_misc":{"Est. reading time":"1 minutua"},"schema":{"@context":"https:\/\/schema.org","@graph":[{"@type":"WebPage","@id":"https:\/\/www.urumeaeventos.eus\/tour-virtual\/","url":"https:\/\/www.urumeaeventos.eus\/tour-virtual\/","name":"Tour virtual - Urumea eventos","isPartOf":{"@id":"https:\/\/www.urumeaeventos.eus\/#website"},"datePublished":"2025-04-12T22:43:56+00:00","dateModified":"2025-06-10T20:43:25+00:00","breadcrumb":{"@id":"https:\/\/www.urumeaeventos.eus\/tour-virtual\/#breadcrumb"},"inLanguage":"eu","potentialAction":[{"@type":"ReadAction","target":["https:\/\/www.urumeaeventos.eus\/tour-virtual\/"]}]},{"@type":"BreadcrumbList","@id":"https:\/\/www.urumeaeventos.eus\/tour-virtual\/#breadcrumb","itemListElement":[{"@type":"ListItem","position":1,"name":"Portada","item":"https:\/\/www.urumeaeventos.eus\/"},{"@type":"ListItem","position":2,"name":"Tour virtual"}]},{"@type":"WebSite","@id":"https:\/\/www.urumeaeventos.eus\/#website","url":"https:\/\/www.urumeaeventos.eus\/","name":"Urumea Eventos","description":"Urumea eventos","publisher":{"@id":"https:\/\/www.urumeaeventos.eus\/#organization"},"potentialAction":[{"@type":"SearchAction","target":{"@type":"EntryPoint","urlTemplate":"https:\/\/www.urumeaeventos.eus\/?s={search_term_string}"},"query-input":{"@type":"PropertyValueSpecification","valueRequired":true,"valueName":"search_term_string"}}],"inLanguage":"eu"},{"@type":"Organization","@id":"https:\/\/www.urumeaeventos.eus\/#organization","name":"Urumea Eventos","url":"https:\/\/www.urumeaeventos.eus\/","logo":{"@type":"ImageObject","inLanguage":"eu","@id":"https:\/\/www.urumeaeventos.eus\/#\/schema\/logo\/image\/","url":"https:\/\/www.urumeaeventos.eus\/wp-content\/uploads\/2025\/03\/urumea-5-1-scaled.avif","contentUrl":"https:\/\/www.urumeaeventos.eus\/wp-content\/uploads\/2025\/03\/urumea-5-1-scaled.avif","width":2560,"height":1154,"caption":"Urumea Eventos"},"image":{"@id":"https:\/\/www.urumeaeventos.eus\/#\/schema\/logo\/image\/"},"sameAs":["https:\/\/www.instagram.com\/urumeaeventos\/","https:\/\/es.linkedin.com\/company\/urumea-eventos"]}]}},"_links":{"self":[{"href":"https:\/\/www.urumeaeventos.eus\/eus\/wp-json\/wp\/v2\/pages\/96","targetHints":{"allow":["GET"]}}],"collection":[{"href":"https:\/\/www.urumeaeventos.eus\/eus\/wp-json\/wp\/v2\/pages"}],"about":[{"href":"https:\/\/www.urumeaeventos.eus\/eus\/wp-json\/wp\/v2\/types\/page"}],"author":[{"embeddable":true,"href":"https:\/\/www.urumeaeventos.eus\/eus\/wp-json\/wp\/v2\/users\/2"}],"replies":[{"embeddable":true,"href":"https:\/\/www.urumeaeventos.eus\/eus\/wp-json\/wp\/v2\/comments?post=96"}],"version-history":[{"count":36,"href":"https:\/\/www.urumeaeventos.eus\/eus\/wp-json\/wp\/v2\/pages\/96\/revisions"}],"predecessor-version":[{"id":835,"href":"https:\/\/www.urumeaeventos.eus\/eus\/wp-json\/wp\/v2\/pages\/96\/revisions\/835"}],"wp:attachment":[{"href":"https:\/\/www.urumeaeventos.eus\/eus\/wp-json\/wp\/v2\/media?parent=96"}],"curies":[{"name":"wp","href":"https:\/\/api.w.org\/{rel}","templated":true}]}}